{"id":82708,"date":"2020-05-14T17:15:21","date_gmt":"2020-05-14T15:15:21","guid":{"rendered":"https:\/\/klaffke-consulting.de\/?page_id=82708"},"modified":"2025-08-05T08:26:22","modified_gmt":"2025-08-05T06:26:22","slug":"leistungen","status":"publish","type":"page","link":"https:\/\/klaffke-consulting.de\/?page_id=82708","title":{"rendered":"Leistungsspektrum"},"content":{"rendered":"<div class=\"wpb-content-wrapper\"><p>[vc_row row_height_percent=&#8220;0&#8243; overlay_alpha=&#8220;50&#8243; gutter_size=&#8220;3&#8243; column_width_percent=&#8220;100&#8243; shift_y=&#8220;0&#8243; z_index=&#8220;0&#8243;][vc_column][vc_row_inner][vc_column_inner width=&#8220;1\/1&#8243;][vc_custom_heading css_animation=&#8220;top-t-bottom&#8220; animation_speed=&#8220;400&#8243;]Leistungsspektrum[\/vc_custom_heading][vc_column_text css_animation=&#8220;bottom-t-top&#8220; animation_speed=&#8220;500&#8243; uncode_shortcode_id=&#8220;150877&#8243;]Interim- und on-demand Unterst\u00fctzung auf Sie zugeschnitten<\/p>\n<p>F\u00fcr kurzfristige Projekte (z.B. Vakanzen \/ Krankheit \/ Elternzeit) und langfristige Kooperationen (z.B. Packmittel \/ regulatorische Beratungen) stehe ich Ihnen gern mit meiner umfangreichen Erfahrung zur Verf\u00fcgung<\/p>\n<p>18 Jahre Senior Consultant Regulatory Affairs (Food \/ Pharma)<\/p>\n<p>15 Jahre Head of Regulatory Affairs (hands on)<\/p>\n<p>Informationsbeauftragter (gem\u00e4\u00df \u00a774a Arzneimittelgesetz)<\/p>\n<p>Verantwortliche Person nach \u00a752a (2) Nr.3 AMG (Gro\u00dfhandelsbeauftragter)<\/p>\n<p>Sachverst\u00e4ndiger f\u00fcr Abgrenzung Arzneimittel \/ Lebensmittel, Nahrungserg\u00e4nzungsmittel und bilanzierte Di\u00e4ten<\/p>\n<p><span data-teams=\"true\">Arzneimittel, Nahrungserg\u00e4nzungsmittel, angereicherte und\/oder di\u00e4tetische Lebensmittel:<br \/>\n<\/span><\/p>\n<p><span data-teams=\"true\">Regulatorische Betreuung bestehender Produkte und Erweiterung des Produktportfolios; Aufrechterhaltung und Weiterentwicklung der regulatorischen Compliance<br \/>\n<\/span><\/p>\n<p><span data-teams=\"true\">Bewertung der Marktf\u00e4higkeit und regulatorische Konformit\u00e4tvon Neu- und Weiterentwicklungen; Lebenszyklusmanagement; Produktmeldungen, Zulassungen und \u00c4nderungen<br \/>\n<\/span><\/p>\n<p><span data-teams=\"true\">Regulatorische Unterst\u00fctzung und Beratung der funktions\u00fcbergreifenden Teams, z. B. in den Bereichen Produktentwicklung, Pflichtangaben und Marketingaussagen<br \/>\n<\/span><\/p>\n<p><span data-teams=\"true\">Koordination von Regulatory-Affairs-Themen mit Produktionsstandorten und funktions\u00fcbergreifenden Ansprechpartnern in den lokalen Organisationen<br \/>\n<\/span><\/p>\n<p><span data-teams=\"true\">Management von Anfragen und Beanstandungen \/ Reklamationen von Fachkreisen, Beh\u00f6rden oder Kunden<br \/>\n<\/span><\/p>\n<p><span data-teams=\"true\">Aufbau, Pflege und Optimierung von SOPs \/ Qualit\u00e4tssicherungssystemen<br \/>\n<\/span><\/p>\n<p><span data-teams=\"true\">Pflege von Beh\u00f6rdenbeziehungen<br \/>\n<\/span><\/p>\n<p><span data-teams=\"true\">Weiteres gerne auf Anfrage<\/span><\/p>\n<p>[\/vc_column_text][vc_custom_heading css_animation=&#8220;left-t-right&#8220;]Ausbildung[\/vc_custom_heading][vc_column_text css_animation=&#8220;right-t-left&#8220;]Staatlich gepr\u00fcfter Lebensmittelchemiker (Westf\u00e4lische Wilhelms-Universit\u00e4t M\u00fcnster)[\/vc_column_text][vc_custom_heading css_animation=&#8220;bottom-t-top&#8220;]Sonstiges[\/vc_custom_heading][vc_column_text css_animation=&#8220;bottom-t-top&#8220;]Microsoft Office (Word, Excel, PowerPoint, Access, Outlook)<br \/>\ndocuBridge (Lorenz)<br \/>\neCTDmanager (Extedo)[\/vc_column_text][\/vc_column_inner][\/vc_row_inner][\/vc_column][\/vc_row][vc_row unlock_row_content=&#8220;yes&#8220; row_height_percent=&#8220;0&#8243; back_color=&#8220;color-198512&#8243; overlay_alpha=&#8220;0&#8243; gutter_size=&#8220;3&#8243; column_width_percent=&#8220;100&#8243; shift_y=&#8220;0&#8243; z_index=&#8220;0&#8243;][vc_column width=&#8220;1\/1&#8243;][\/vc_column][\/vc_row]<\/p>\n<\/div>","protected":false},"excerpt":{"rendered":"<p>[vc_row row_height_percent=&#8220;0&#8243; overlay_alpha=&#8220;50&#8243; gutter_size=&#8220;3&#8243; column_width_percent=&#8220;100&#8243; shift_y=&#8220;0&#8243; z_index=&#8220;0&#8243;][vc_column][vc_row_inner][vc_column_inner width=&#8220;1\/1&#8243;][vc_custom_heading css_animation=&#8220;top-t-bottom&#8220; animation_speed=&#8220;400&#8243;]Leistungsspektrum[\/vc_custom_heading][vc_column_text css_animation=&#8220;bottom-t-top&#8220; animation_speed=&#8220;500&#8243; uncode_shortcode_id=&#8220;150877&#8243;]Interim- und on-demand Unterst\u00fctzung auf Sie zugeschnitten F\u00fcr [&hellip;]<\/p>\n","protected":false},"author":1,"featured_media":0,"parent":0,"menu_order":0,"comment_status":"closed","ping_status":"closed","template":"","meta":{"footnotes":""},"class_list":["post-82708","page","type-page","status-publish","hentry"],"_links":{"self":[{"href":"https:\/\/klaffke-consulting.de\/index.php?rest_route=\/wp\/v2\/pages\/82708","targetHints":{"allow":["GET"]}}],"collection":[{"href":"https:\/\/klaffke-consulting.de\/index.php?rest_route=\/wp\/v2\/pages"}],"about":[{"href":"https:\/\/klaffke-consulting.de\/index.php?rest_route=\/wp\/v2\/types\/page"}],"author":[{"embeddable":true,"href":"https:\/\/klaffke-consulting.de\/index.php?rest_route=\/wp\/v2\/users\/1"}],"replies":[{"embeddable":true,"href":"https:\/\/klaffke-consulting.de\/index.php?rest_route=%2Fwp%2Fv2%2Fcomments&post=82708"}],"version-history":[{"count":53,"href":"https:\/\/klaffke-consulting.de\/index.php?rest_route=\/wp\/v2\/pages\/82708\/revisions"}],"predecessor-version":[{"id":83141,"href":"https:\/\/klaffke-consulting.de\/index.php?rest_route=\/wp\/v2\/pages\/82708\/revisions\/83141"}],"wp:attachment":[{"href":"https:\/\/klaffke-consulting.de\/index.php?rest_route=%2Fwp%2Fv2%2Fmedia&parent=82708"}],"curies":[{"name":"wp","href":"https:\/\/api.w.org\/{rel}","templated":true}]}}