{"id":19884,"date":"2015-05-28T11:30:14","date_gmt":"2015-05-28T09:30:14","guid":{"rendered":"https:\/\/undsgn.com\/uncode\/?page_id=19884"},"modified":"2025-08-05T08:29:17","modified_gmt":"2025-08-05T06:29:17","slug":"classic-business","status":"publish","type":"page","link":"https:\/\/klaffke-consulting.de\/","title":{"rendered":"Home"},"content":{"rendered":"<div class=\"wpb-content-wrapper\"><p>[vc_row row_height_percent=&#8220;35&#8243; override_padding=&#8220;yes&#8220; h_padding=&#8220;2&#8243; top_padding=&#8220;5&#8243; bottom_padding=&#8220;2&#8243; overlay_alpha=&#8220;50&#8243; gutter_size=&#8220;4&#8243; column_width_percent=&#8220;100&#8243; shift_y=&#8220;0&#8243; z_index=&#8220;0&#8243; row_name=&#8220;\u00dcberblick&#8220;][vc_column column_width_percent=&#8220;100&#8243; position_horizontal=&#8220;left&#8220; position_vertical=&#8220;middle&#8220; gutter_size=&#8220;3&#8243; overlay_alpha=&#8220;50&#8243; shift_x=&#8220;0&#8243; shift_y=&#8220;0&#8243; shift_y_down=&#8220;0&#8243; z_index=&#8220;0&#8243; medium_width=&#8220;0&#8243; mobile_width=&#8220;0&#8243; zoom_width=&#8220;0&#8243; zoom_height=&#8220;0&#8243; width=&#8220;1\/1&#8243;][vc_row_inner limit_content=&#8220;&#8220;][vc_column_inner column_width_percent=&#8220;100&#8243; gutter_size=&#8220;3&#8243; overlay_alpha=&#8220;50&#8243; shift_x=&#8220;0&#8243; shift_y=&#8220;0&#8243; shift_y_down=&#8220;0&#8243; z_index=&#8220;0&#8243; medium_width=&#8220;3&#8243; mobile_width=&#8220;0&#8243; width=&#8220;1\/3&#8243;][vc_icon display=&#8220;inline&#8220; icon=&#8220;fa fa-paper&#8220; icon_color=&#8220;163257&#8243; background_style=&#8220;fa-rounded&#8220; size=&#8220;fa-3x&#8220; icon_automatic=&#8220;yes&#8220; text_weight=&#8220;300&#8243; css_animation=&#8220;left-t-right&#8220; animation_delay=&#8220;200&#8243; title=&#8220;Regulatorische Arbeiten&#8220; uncode_shortcode_id=&#8220;711156&#8243; icon_color_type=&#8220;uncode-palette&#8220;]Arzneimittel und Nahrungserg\u00e4nzungsmittel<br \/>\nDi\u00e4tetische Lebensmittel<\/p>\n<p>[\/vc_icon][\/vc_column_inner][vc_column_inner column_width_percent=&#8220;100&#8243; gutter_size=&#8220;3&#8243; overlay_alpha=&#8220;50&#8243; shift_x=&#8220;0&#8243; shift_y=&#8220;0&#8243; shift_y_down=&#8220;0&#8243; z_index=&#8220;0&#8243; medium_width=&#8220;3&#8243; mobile_width=&#8220;0&#8243; width=&#8220;1\/3&#8243;][vc_icon display=&#8220;inline&#8220; icon=&#8220;fa fa-graduation-hat&#8220; icon_color=&#8220;color-198512&#8243; background_style=&#8220;fa-rounded&#8220; size=&#8220;fa-3x&#8220; outline=&#8220;yes&#8220; icon_automatic=&#8220;yes&#8220; text_weight=&#8220;300&#8243; css_animation=&#8220;bottom-t-top&#8220; animation_delay=&#8220;200&#8243; title=&#8220;Seminare und Schulungen&#8220;]Individuell nach Ihren Bed\u00fcrfnissen<\/p>\n<p>[\/vc_icon][\/vc_column_inner][vc_column_inner column_width_percent=&#8220;100&#8243; gutter_size=&#8220;3&#8243; overlay_alpha=&#8220;50&#8243; shift_x=&#8220;0&#8243; shift_y=&#8220;0&#8243; shift_y_down=&#8220;0&#8243; z_index=&#8220;0&#8243; medium_width=&#8220;3&#8243; mobile_width=&#8220;0&#8243; width=&#8220;1\/3&#8243;][vc_icon display=&#8220;inline&#8220; icon=&#8220;fa fa-search&#8220; icon_color=&#8220;163257&#8243; background_style=&#8220;fa-rounded&#8220; size=&#8220;fa-3x&#8220; icon_automatic=&#8220;yes&#8220; text_weight=&#8220;300&#8243; css_animation=&#8220;right-t-left&#8220; animation_delay=&#8220;200&#8243; title=&#8220;Gutachterliche T\u00e4tigkeiten&#8220;]Verkehrsf\u00e4higkeitsgutachten<br \/>\nAbgrenzungsgutachten<\/p>\n<p>[\/vc_icon][\/vc_column_inner][\/vc_row_inner][\/vc_column][\/vc_row][vc_row unlock_row_content=&#8220;yes&#8220; row_height_percent=&#8220;25&#8243; override_padding=&#8220;yes&#8220; h_padding=&#8220;2&#8243; top_padding=&#8220;0&#8243; bottom_padding=&#8220;2&#8243; back_image=&#8220;82781&#8243; kburns=&#8220;yes&#8220; overlay_alpha=&#8220;0&#8243; equal_height=&#8220;yes&#8220; gutter_size=&#8220;0&#8243; column_width_percent=&#8220;100&#8243; border_color=&#8220;color-gyho&#8220; border_style=&#8220;solid&#8220; shift_y=&#8220;0&#8243; z_index=&#8220;0&#8243; bottom_divider=&#8220;gradient&#8220; el_class=&#8220;gradient&#8220; css=&#8220;.vc_custom_1589758691136{border-top-width: 1px !important;}&#8220; row_name=&#8220;Kernkompetenzen&#8220;][vc_column column_width_percent=&#8220;100&#8243; position_vertical=&#8220;bottom&#8220; align_horizontal=&#8220;align_center&#8220; gutter_size=&#8220;5&#8243; style=&#8220;light&#8220; overlay_alpha=&#8220;0&#8243; shift_x=&#8220;0&#8243; shift_y=&#8220;-5&#8243; shift_y_fixed=&#8220;yes&#8220; shift_y_down=&#8220;0&#8243; z_index=&#8220;0&#8243; medium_width=&#8220;0&#8243; mobile_width=&#8220;0&#8243; width=&#8220;1\/1&#8243;][vc_custom_heading text_color=&#8220;color-xsdn&#8220; text_size=&#8220;h1&#8243; sub_lead=&#8220;yes&#8220; css_animation=&#8220;top-t-bottom&#8220;]<\/p>\n<p class=\"h1 font-weight-300 text-fffff-color\">Mein Angebot f\u00fcr Sie<\/p>\n<p>[\/vc_custom_heading][\/vc_column][\/vc_row][vc_row row_height_percent=&#8220;0&#8243; override_padding=&#8220;yes&#8220; h_padding=&#8220;2&#8243; top_padding=&#8220;2&#8243; bottom_padding=&#8220;5&#8243; overlay_alpha=&#8220;0&#8243; equal_height=&#8220;yes&#8220; gutter_size=&#8220;3&#8243; column_width_percent=&#8220;100&#8243; shift_y=&#8220;0&#8243; z_index=&#8220;0&#8243; bottom_divider=&#8220;gradient&#8220; el_class=&#8220;row-letaral section-lateral row-horizontal-display overflow-hidden shape-bg additions&#8220;][vc_column column_width_use_pixel=&#8220;yes&#8220; position_vertical=&#8220;middle&#8220; align_horizontal=&#8220;align_center&#8220; gutter_size=&#8220;3&#8243; overlay_alpha=&#8220;50&#8243; shift_x=&#8220;0&#8243; shift_y=&#8220;0&#8243; shift_y_down=&#8220;0&#8243; z_index=&#8220;0&#8243; medium_width=&#8220;0&#8243; mobile_width=&#8220;0&#8243; width=&#8220;1\/1&#8243;][vc_row_inner row_inner_height_percent=&#8220;0&#8243; overlay_alpha=&#8220;100&#8243; gutter_size=&#8220;4&#8243; shift_y=&#8220;0&#8243; z_index=&#8220;0&#8243; limit_content=&#8220;&#8220;][vc_column_inner column_width_percent=&#8220;100&#8243; gutter_size=&#8220;3&#8243; overlay_alpha=&#8220;100&#8243; shift_x=&#8220;0&#8243; shift_y=&#8220;0&#8243; shift_y_down=&#8220;0&#8243; z_index=&#8220;0&#8243; medium_width=&#8220;2&#8243; align_mobile=&#8220;align_center_mobile&#8220; mobile_width=&#8220;0&#8243; zoom_width=&#8220;0&#8243; zoom_height=&#8220;0&#8243; width=&#8220;1\/3&#8243;][vc_custom_heading heading_semantic=&#8220;h3&#8243; text_size=&#8220;h3&#8243; text_weight=&#8220;300&#8243; sub_reduced=&#8220;yes&#8220; css_animation=&#8220;left-t-right&#8220; subheading=&#8220;\u2022 regulatorische Betreuung<br \/>\n\u2022 strategische Beratung<br \/>\n\u2022 Informationsbeauftragter nach \u00a774a AMG<br \/>\n\u2022 Verantwortliche Person nach \u00a752a (2) Nr.3 AMG (Gro\u00dfhandelsbeauftragter)&#8220; uncode_shortcode_id=&#8220;109432&#8243;]Arzneimittel[\/vc_custom_heading][\/vc_column_inner][vc_column_inner column_width_percent=&#8220;100&#8243; gutter_size=&#8220;3&#8243; overlay_alpha=&#8220;100&#8243; shift_x=&#8220;0&#8243; shift_y=&#8220;0&#8243; shift_y_down=&#8220;0&#8243; z_index=&#8220;0&#8243; medium_width=&#8220;2&#8243; align_mobile=&#8220;align_center_mobile&#8220; mobile_width=&#8220;0&#8243; zoom_width=&#8220;0&#8243; zoom_height=&#8220;0&#8243; width=&#8220;1\/3&#8243;][vc_custom_heading heading_semantic=&#8220;h3&#8243; text_size=&#8220;h3&#8243; text_weight=&#8220;300&#8243; sub_reduced=&#8220;yes&#8220; css_animation=&#8220;bottom-t-top&#8220; subheading=&#8220;\u2022 SOPs und Arbeitsanweisungen<br \/>\n\u2022 Selbstinspektionen<br \/>\n\u2022 Schulungspl\u00e4ne&#8220;]Qualit\u00e4tssicherung[\/vc_custom_heading][\/vc_column_inner][vc_column_inner column_width_percent=&#8220;100&#8243; gutter_size=&#8220;3&#8243; overlay_alpha=&#8220;100&#8243; shift_x=&#8220;0&#8243; shift_y=&#8220;0&#8243; shift_y_down=&#8220;0&#8243; z_index=&#8220;0&#8243; medium_width=&#8220;2&#8243; align_mobile=&#8220;align_center_mobile&#8220; mobile_width=&#8220;0&#8243; zoom_width=&#8220;0&#8243; zoom_height=&#8220;0&#8243; width=&#8220;1\/3&#8243;][vc_custom_heading heading_semantic=&#8220;h3&#8243; text_size=&#8220;h3&#8243; text_weight=&#8220;300&#8243; sub_reduced=&#8220;yes&#8220; css_animation=&#8220;bottom-t-top&#8220; subheading=&#8220;\u2022 Verkehrsf\u00e4higkeit<br \/>\n\u2022 Abgrenzungsfragen<br \/>\n\u2022 Kennzeichnung<br \/>\n\u2022 Werbung \/ Health Claims&#8220;]Lebensmittel[\/vc_custom_heading][\/vc_column_inner][\/vc_row_inner][vc_row_inner row_inner_height_percent=&#8220;0&#8243; overlay_alpha=&#8220;100&#8243; gutter_size=&#8220;4&#8243; shift_y=&#8220;0&#8243; z_index=&#8220;0&#8243; limit_content=&#8220;&#8220;][vc_column_inner column_width_percent=&#8220;100&#8243; gutter_size=&#8220;3&#8243; overlay_alpha=&#8220;100&#8243; shift_x=&#8220;0&#8243; shift_y=&#8220;0&#8243; z_index=&#8220;0&#8243; medium_width=&#8220;2&#8243; align_mobile=&#8220;align_center_mobile&#8220; mobile_width=&#8220;0&#8243; zoom_width=&#8220;0&#8243; zoom_height=&#8220;0&#8243; width=&#8220;1\/3&#8243;][vc_custom_heading heading_semantic=&#8220;h3&#8243; text_size=&#8220;h3&#8243; text_weight=&#8220;300&#8243; sub_reduced=&#8220;yes&#8220; css_animation=&#8220;right-t-left&#8220; subheading=&#8220;\u2022 CTD-Dossiers<br \/>\n\u2022 Zulassungen und Verl\u00e4ngerungen<br \/>\n\u2022 \u00c4nderungsmanagement<br \/>\n\u2022 Sunset Clause&#8220;]Lifecycle Management[\/vc_custom_heading][\/vc_column_inner][vc_column_inner column_width_percent=&#8220;100&#8243; gutter_size=&#8220;3&#8243; overlay_alpha=&#8220;100&#8243; shift_x=&#8220;0&#8243; shift_y=&#8220;0&#8243; z_index=&#8220;0&#8243; medium_width=&#8220;2&#8243; align_mobile=&#8220;align_center_mobile&#8220; mobile_width=&#8220;0&#8243; zoom_width=&#8220;0&#8243; zoom_height=&#8220;0&#8243; width=&#8220;1\/3&#8243;][vc_custom_heading heading_semantic=&#8220;h3&#8243; text_size=&#8220;h3&#8243; text_weight=&#8220;300&#8243; sub_reduced=&#8220;yes&#8220; css_animation=&#8220;left-t-right&#8220; subheading=&#8220;\u2022 Fachliche Stellungnahmen<br \/>\n\u2022 Interne und externe Anfragen und Beschwerden<br \/>\n\u2022 Mitarbeiterschulungen&#8220;]Wissenschaft \/ Schulungen[\/vc_custom_heading][\/vc_column_inner][vc_column_inner column_width_percent=&#8220;100&#8243; gutter_size=&#8220;3&#8243; overlay_alpha=&#8220;100&#8243; shift_x=&#8220;0&#8243; shift_y=&#8220;0&#8243; z_index=&#8220;0&#8243; medium_width=&#8220;2&#8243; align_mobile=&#8220;align_center_mobile&#8220; mobile_width=&#8220;0&#8243; zoom_width=&#8220;0&#8243; zoom_height=&#8220;0&#8243; width=&#8220;1\/3&#8243;][vc_custom_heading heading_semantic=&#8220;h3&#8243; text_size=&#8220;h3&#8243; text_weight=&#8220;300&#8243; sub_reduced=&#8220;yes&#8220; css_animation=&#8220;right-t-left&#8220; subheading=&#8220;\u2022 Anzeigen und Meldungen<br \/>\n\u2022 Fachlicher Austausch&#8220;]Beh\u00f6rden-Kontakte[\/vc_custom_heading][\/vc_column_inner][\/vc_row_inner][\/vc_column][\/vc_row][vc_row row_height_percent=&#8220;33&#8243; override_padding=&#8220;yes&#8220; h_padding=&#8220;2&#8243; top_padding=&#8220;3&#8243; bottom_padding=&#8220;3&#8243; back_color=&#8220;163257&#8243; overlay_alpha=&#8220;50&#8243; gutter_size=&#8220;3&#8243; column_width_percent=&#8220;100&#8243; shift_y=&#8220;0&#8243; z_index=&#8220;0&#8243; top_divider=&#8220;triangle&#8220; row_name=&#8220;Zahlen&#8220;][vc_column column_width_percent=&#8220;100&#8243; align_horizontal=&#8220;align_center&#8220; gutter_size=&#8220;3&#8243; overlay_alpha=&#8220;50&#8243; shift_x=&#8220;0&#8243; shift_y=&#8220;0&#8243; shift_y_down=&#8220;0&#8243; z_index=&#8220;0&#8243; medium_width=&#8220;0&#8243; mobile_width=&#8220;0&#8243; width=&#8220;1\/1&#8243;][vc_row_inner row_inner_height_percent=&#8220;0&#8243; overlay_alpha=&#8220;50&#8243; gutter_size=&#8220;3&#8243; shift_y=&#8220;0&#8243; z_index=&#8220;0&#8243; limit_content=&#8220;&#8220;][vc_column_inner column_width_percent=&#8220;100&#8243; align_horizontal=&#8220;align_center&#8220; gutter_size=&#8220;2&#8243; style=&#8220;dark&#8220; overlay_alpha=&#8220;50&#8243; shift_x=&#8220;0&#8243; shift_y=&#8220;0&#8243; shift_y_down=&#8220;0&#8243; z_index=&#8220;0&#8243; medium_width=&#8220;2&#8243; mobile_width=&#8220;4&#8243; width=&#8220;1\/4&#8243;][uncode_counter value=&#8220;18&#8243; counter_color=&#8220;&#8220; size=&#8220;h2&#8243; weight=&#8220;300&#8243; dimension=&#8220;h1&#8243; uncode_shortcode_id=&#8220;603413&#8243;][vc_custom_heading heading_semantic=&#8220;h6&#8243; text_size=&#8220;&#8220; text_transform=&#8220;uppercase&#8220;]Jahre Erfahrung<\/p>\n<p>RA Consultant[\/vc_custom_heading][\/vc_column_inner][vc_column_inner column_width_percent=&#8220;100&#8243; align_horizontal=&#8220;align_center&#8220; gutter_size=&#8220;2&#8243; overlay_alpha=&#8220;50&#8243; shift_x=&#8220;0&#8243; shift_y=&#8220;0&#8243; shift_y_down=&#8220;0&#8243; z_index=&#8220;0&#8243; medium_width=&#8220;0&#8243; mobile_width=&#8220;0&#8243; width=&#8220;1\/4&#8243;][uncode_counter value=&#8220;15&#8243; counter_color=&#8220;color-xsdn&#8220; size=&#8220;h2&#8243; weight=&#8220;300&#8243; dimension=&#8220;h1&#8243; uncode_shortcode_id=&#8220;982918&#8243; counter_color_type=&#8220;uncode-palette&#8220;][vc_custom_heading text_color=&#8220;color-xsdn&#8220; heading_semantic=&#8220;h6&#8243; text_size=&#8220;&#8220; text_transform=&#8220;uppercase&#8220; uncode_shortcode_id=&#8220;180157&#8243; text_color_type=&#8220;uncode-palette&#8220;]Jahre Erfahrung<\/p>\n<p>mittelst\u00e4ndische und internationale Pharmaunternehmen[\/vc_custom_heading][\/vc_column_inner][vc_column_inner column_width_percent=&#8220;100&#8243; align_horizontal=&#8220;align_center&#8220; gutter_size=&#8220;2&#8243; style=&#8220;dark&#8220; overlay_alpha=&#8220;50&#8243; shift_x=&#8220;0&#8243; shift_y=&#8220;0&#8243; shift_y_down=&#8220;0&#8243; z_index=&#8220;0&#8243; medium_width=&#8220;2&#8243; mobile_width=&#8220;4&#8243; width=&#8220;1\/4&#8243;][uncode_counter value=&#8220;1&#8243; counter_color=&#8220;,Default&#8220; size=&#8220;h2&#8243; weight=&#8220;300&#8243; dimension=&#8220;h1&#8243;][vc_custom_heading heading_semantic=&#8220;h6&#8243; text_size=&#8220;&#8220; text_transform=&#8220;uppercase&#8220;]Ziel[\/vc_custom_heading][\/vc_column_inner][vc_column_inner column_width_percent=&#8220;100&#8243; align_horizontal=&#8220;align_center&#8220; gutter_size=&#8220;2&#8243; overlay_alpha=&#8220;50&#8243; shift_x=&#8220;0&#8243; shift_y=&#8220;0&#8243; shift_y_down=&#8220;0&#8243; z_index=&#8220;0&#8243; medium_width=&#8220;0&#8243; mobile_width=&#8220;0&#8243; width=&#8220;1\/4&#8243;][uncode_counter value=&#8220;100&#8243; counter_color=&#8220;color-xsdn&#8220; size=&#8220;h2&#8243; weight=&#8220;300&#8243; dimension=&#8220;h1&#8243;][vc_custom_heading text_color=&#8220;color-xsdn&#8220; heading_semantic=&#8220;h6&#8243; text_size=&#8220;&#8220; text_transform=&#8220;uppercase&#8220;]Prozent Zufriedenheit f\u00fcr Sie[\/vc_custom_heading][\/vc_column_inner][\/vc_row_inner][\/vc_column][\/vc_row][vc_row row_height_percent=&#8220;0&#8243; override_padding=&#8220;yes&#8220; h_padding=&#8220;2&#8243; top_padding=&#8220;5&#8243; bottom_padding=&#8220;5&#8243; overlay_alpha=&#8220;50&#8243; gutter_size=&#8220;4&#8243; column_width_percent=&#8220;100&#8243; shift_y=&#8220;0&#8243; z_index=&#8220;0&#8243; row_name=&#8220;\u00dcber mich&#8220;][vc_column column_width_percent=&#8220;100&#8243; align_horizontal=&#8220;align_center&#8220; gutter_size=&#8220;2&#8243; overlay_alpha=&#8220;50&#8243; shift_x=&#8220;0&#8243; shift_y=&#8220;0&#8243; shift_y_down=&#8220;0&#8243; z_index=&#8220;0&#8243; medium_width=&#8220;0&#8243; mobile_width=&#8220;0&#8243; width=&#8220;1\/1&#8243;][vc_custom_heading text_color=&#8220;163257&#8243; text_size=&#8220;h1&#8243; text_weight=&#8220;300&#8243;]\u00dcber mich[\/vc_custom_heading][vc_row_inner limit_content=&#8220;&#8220;][vc_column_inner column_width_percent=&#8220;100&#8243; gutter_size=&#8220;2&#8243; overlay_alpha=&#8220;50&#8243; shift_x=&#8220;0&#8243; shift_y=&#8220;0&#8243; shift_y_down=&#8220;0&#8243; z_index=&#8220;0&#8243; medium_width=&#8220;0&#8243; align_mobile=&#8220;align_center_mobile&#8220; mobile_width=&#8220;0&#8243; width=&#8220;5\/6&#8243;][vc_column_text uncode_shortcode_id=&#8220;160831&#8243;]Ob kurzfristige Projekte oder langfristige Kooperationen: Mit meiner langj\u00e4hrigen Erfahrung und ausgezeichneten Kenntnissen bin ich gern f\u00fcr Sie und Ihre individuellen Vorstellungen da.<\/p>\n<p>Nach 20+ Jahren Berufserfahrung habe ich beschlossen, eine freiberufliche T\u00e4tigkeit als Regulatory Affairs Consultant und Sachverst\u00e4ndiger f\u00fcr die Gesundheitsmittelindustrie aufzunehmen. Ich m\u00f6chte Firmen dabei unterst\u00fctzen, in diesem nicht ganz einfachen Umfeld zu bestehen.<\/p>\n<p>Ich biete Ihnen zeitnah (vorzugsweise remote) zielgerichtete und ergebnisorientierte Beratungsleistungen, ganz nach Ihren Vorstellungen.<\/p>\n<p>Mein Dienstleistungsangebot reicht von der \u201eklassischen\u201c Regulatory Affairs Arbeit mit Produktbezug (z.B. Produktentwicklung, \u00c4nderungsmanagement) \u00fcber strukturelle Dienstleistungen (z.B. Verantwortung als Informationsbeauftragter gem\u00e4\u00df \u00a774a Arzneimittelgesetz, die T\u00e4tigkeit als Verantwortliche Person nach \u00a752a (2) Nr.3 AMG &#8222;Gro\u00dfhandelsbeauftragter&#8220;) bis hin zur gutachterlichen T\u00e4tigkeit (Sachverst\u00e4ndiger).<\/p>\n<p>Dar\u00fcber hinaus biete ich auch Seminare und Trainings zu diesen Themenbereichen an.[\/vc_column_text][\/vc_column_inner][vc_column_inner width=&#8220;1\/6&#8243;][vc_single_image media=&#8220;82939&#8243; media_width_percent=&#8220;100&#8243; media_ratio=&#8220;three-four&#8220;][\/vc_column_inner][\/vc_row_inner][vc_empty_space empty_h=&#8220;2&#8243;][vc_row_inner limit_content=&#8220;&#8220;][vc_column_inner column_width_percent=&#8220;100&#8243; gutter_size=&#8220;3&#8243; overlay_alpha=&#8220;50&#8243; shift_x=&#8220;0&#8243; shift_y=&#8220;0&#8243; shift_y_down=&#8220;0&#8243; z_index=&#8220;0&#8243; medium_width=&#8220;2&#8243; mobile_width=&#8220;4&#8243; width=&#8220;1\/1&#8243;][\/vc_column_inner][\/vc_row_inner][\/vc_column][\/vc_row][vc_row row_height_percent=&#8220;50&#8243; override_padding=&#8220;yes&#8220; h_padding=&#8220;2&#8243; top_padding=&#8220;7&#8243; bottom_padding=&#8220;7&#8243; back_color=&#8220;color-198512&#8243; overlay_color=&#8220;color-wayh&#8220; overlay_alpha=&#8220;45&#8243; gutter_size=&#8220;3&#8243; column_width_percent=&#8220;100&#8243; shift_y=&#8220;0&#8243; z_index=&#8220;0&#8243; row_name=&#8220;Philosophie&#8220;][vc_column column_width_percent=&#8220;100&#8243; position_vertical=&#8220;middle&#8220; align_horizontal=&#8220;align_center&#8220; gutter_size=&#8220;3&#8243; style=&#8220;dark&#8220; overlay_alpha=&#8220;50&#8243; shift_x=&#8220;0&#8243; shift_y=&#8220;0&#8243; shift_y_down=&#8220;0&#8243; z_index=&#8220;0&#8243; medium_width=&#8220;0&#8243; mobile_width=&#8220;0&#8243; width=&#8220;1\/1&#8243;][vc_gallery el_id=&#8220;gallery-1&#8243; type=&#8220;carousel&#8220; medias=&#8220;12158&#8243; carousel_lg=&#8220;1&#8243; carousel_md=&#8220;1&#8243; carousel_sm=&#8220;1&#8243; gutter_size=&#8220;0&#8243; media_items=&#8220;icon,media|lightbox|original&#8220; carousel_type=&#8220;fade&#8220; carousel_interval=&#8220;0&#8243; carousel_navspeed=&#8220;1000&#8243; carousel_dots=&#8220;yes&#8220; carousel_dots_mobile=&#8220;yes&#8220; carousel_autoh=&#8220;yes&#8220; carousel_textual=&#8220;yes&#8220; hide_quotes=&#8220;yes&#8220; stage_padding=&#8220;0&#8243; single_overlay_opacity=&#8220;50&#8243; single_h_align=&#8220;center&#8220; single_padding=&#8220;2&#8243; single_title_dimension=&#8220;h3&#8243; single_title_weight=&#8220;300&#8243; carousel_twitter=&#8220;yes&#8220;][\/vc_column][\/vc_row][vc_row unlock_row_content=&#8220;yes&#8220; row_height_percent=&#8220;40&#8243; override_padding=&#8220;yes&#8220; h_padding=&#8220;0&#8243; top_padding=&#8220;4&#8243; bottom_padding=&#8220;4&#8243; back_image=&#8220;82753&#8243; back_position=&#8220;left bottom&#8220; overlay_alpha=&#8220;45&#8243; gutter_size=&#8220;100&#8243; column_width_percent=&#8220;100&#8243; shift_y=&#8220;0&#8243; z_index=&#8220;0&#8243; enable_top_divider=&#8220;default&#8220; top_divider=&#8220;gradient&#8220; shape_top_h_use_pixel=&#8220;true&#8220; shape_top_height_percent=&#8220;50&#8243; shape_top_color=&#8220;color-wayh&#8220; shape_top_opacity=&#8220;30&#8243; shape_top_index=&#8220;0&#8243; style=&#8220;inherited&#8220; row_name=&#8220;Kontakt&#8220;][vc_column width=&#8220;1\/2&#8243;][\/vc_column][vc_column column_width_percent=&#8220;100&#8243; position_vertical=&#8220;middle&#8220; align_horizontal=&#8220;align_center&#8220; gutter_size=&#8220;2&#8243; style=&#8220;dark&#8220; overlay_alpha=&#8220;100&#8243; shift_x=&#8220;0&#8243; shift_y=&#8220;0&#8243; shift_y_down=&#8220;0&#8243; z_index=&#8220;0&#8243; medium_width=&#8220;0&#8243; mobile_width=&#8220;0&#8243; zoom_width=&#8220;0&#8243; zoom_height=&#8220;0&#8243; width=&#8220;1\/2&#8243;][vc_custom_heading heading_semantic=&#8220;h5&#8243; text_size=&#8220;h4&#8243; text_weight=&#8220;300&#8243; sub_reduced=&#8220;yes&#8220; css_animation=&#8220;curtain&#8220; animation_delay=&#8220;600&#8243;]Wir finden gemeinsam eine L\u00f6sung[\/vc_custom_heading][vc_empty_space empty_h=&#8220;1&#8243;][vc_button border_width=&#8220;0&#8243; link=&#8220;url:https%3A%2F%2Fklaffke-consulting.de%2F%3Fpage_id%3D82691|title:Kontakt|target:%20_blank|&#8220;]Kontaktieren Sie mich[\/vc_button][vc_column_text]Klaffke Consulting \u2013 Inh. Thorsten Klaffke<br \/>\nTaubenberger Hof 1a<br \/>\n82054 Sauerlach<br \/>\nTel.: +49174 3896624<br \/>\nE-Mail: info@klaffke-consulting.de[\/vc_column_text][uncode_socials size=&#8220;lead&#8220;][\/vc_column][\/vc_row]<\/p>\n<\/div>","protected":false},"excerpt":{"rendered":"<p>[vc_row row_height_percent=&#8220;35&#8243; override_padding=&#8220;yes&#8220; h_padding=&#8220;2&#8243; top_padding=&#8220;5&#8243; bottom_padding=&#8220;2&#8243; overlay_alpha=&#8220;50&#8243; gutter_size=&#8220;4&#8243; column_width_percent=&#8220;100&#8243; shift_y=&#8220;0&#8243; z_index=&#8220;0&#8243; row_name=&#8220;\u00dcberblick&#8220;][vc_column column_width_percent=&#8220;100&#8243; position_horizontal=&#8220;left&#8220; position_vertical=&#8220;middle&#8220; gutter_size=&#8220;3&#8243; overlay_alpha=&#8220;50&#8243; shift_x=&#8220;0&#8243; shift_y=&#8220;0&#8243; shift_y_down=&#8220;0&#8243; [&hellip;]<\/p>\n","protected":false},"author":1,"featured_media":82991,"parent":0,"menu_order":0,"comment_status":"closed","ping_status":"closed","template":"","meta":{"footnotes":""},"class_list":["post-19884","page","type-page","status-publish","has-post-thumbnail","hentry","page_category-classic"],"_links":{"self":[{"href":"https:\/\/klaffke-consulting.de\/index.php?rest_route=\/wp\/v2\/pages\/19884","targetHints":{"allow":["GET"]}}],"collection":[{"href":"https:\/\/klaffke-consulting.de\/index.php?rest_route=\/wp\/v2\/pages"}],"about":[{"href":"https:\/\/klaffke-consulting.de\/index.php?rest_route=\/wp\/v2\/types\/page"}],"author":[{"embeddable":true,"href":"https:\/\/klaffke-consulting.de\/index.php?rest_route=\/wp\/v2\/users\/1"}],"replies":[{"embeddable":true,"href":"https:\/\/klaffke-consulting.de\/index.php?rest_route=%2Fwp%2Fv2%2Fcomments&post=19884"}],"version-history":[{"count":186,"href":"https:\/\/klaffke-consulting.de\/index.php?rest_route=\/wp\/v2\/pages\/19884\/revisions"}],"predecessor-version":[{"id":83142,"href":"https:\/\/klaffke-consulting.de\/index.php?rest_route=\/wp\/v2\/pages\/19884\/revisions\/83142"}],"wp:featuredmedia":[{"embeddable":true,"href":"https:\/\/klaffke-consulting.de\/index.php?rest_route=\/wp\/v2\/media\/82991"}],"wp:attachment":[{"href":"https:\/\/klaffke-consulting.de\/index.php?rest_route=%2Fwp%2Fv2%2Fmedia&parent=19884"}],"curies":[{"name":"wp","href":"https:\/\/api.w.org\/{rel}","templated":true}]}}